{"id":120,"date":"2019-12-19T08:18:11","date_gmt":"2019-12-19T08:18:11","guid":{"rendered":"http:\/\/iqpowerhouse.de\/?page_id=120"},"modified":"2024-09-12T08:44:43","modified_gmt":"2024-09-12T08:44:43","slug":"impressum","status":"publish","type":"page","link":"https:\/\/iqpowerhouse.de\/?page_id=120","title":{"rendered":"Impressum"},"content":{"rendered":"<div data-colibri-id=\"120-c1\" class=\"style-1052 style-local-120-c1 position-relative\">\n  <!---->\n  <div data-colibri-component=\"section\" data-colibri-id=\"120-c2\" id=\"blank\" class=\"h-section h-section-global-spacing d-flex align-items-lg-center align-items-md-center align-items-center style-1063 style-local-120-c2 position-relative\">\n    <!---->\n    <!---->\n    <div class=\"h-section-grid-container h-section-boxed-container\">\n      <!---->\n      <div data-colibri-id=\"120-c3\" class=\"h-row-container gutters-row-lg-2 gutters-row-md-2 gutters-row-0 gutters-row-v-lg-2 gutters-row-v-md-2 gutters-row-v-2 style-1064 style-local-120-c3 position-relative\">\n        <!---->\n        <div class=\"h-row justify-content-lg-center justify-content-md-center justify-content-center align-items-lg-stretch align-items-md-stretch align-items-stretch gutters-col-lg-2 gutters-col-md-2 gutters-col-0 gutters-col-v-lg-2 gutters-col-v-md-2 gutters-col-v-2\">\n          <!---->\n          <div class=\"h-column h-column-container d-flex h-col-lg-auto h-col-md-auto h-col-auto style-1065-outer style-local-120-c4-outer\">\n            <div data-colibri-id=\"120-c4\" class=\"d-flex h-flex-basis h-column__inner h-px-lg-2 h-px-md-2 h-px-2 v-inner-lg-2 v-inner-md-2 v-inner-2 style-1065 style-local-120-c4 position-relative\">\n              <!---->\n              <!---->\n              <div class=\"w-100 h-y-container h-column__content h-column__v-align flex-basis-100 align-self-lg-start align-self-md-start align-self-start\">\n                <!---->\n                <div data-colibri-id=\"120-c5\" class=\"h-text h-text-component style-1071 style-local-120-c5 position-relative h-element\">\n                  <!---->\n                  <!---->\n                  <div class=\"\">\n                    <p><strong>IQ Drive GmbH <\/strong><\/p>\n                    <p>Am Bocksgraben 1\n                      <br>\n                    <\/p>\n                    <p>97456 Holzhausen<\/p>\n                    <p>Tel: 09725 70 52 76<\/p>\n                    <p>\n                      <a href=\"mailto:info@iqdrive.de\">info@iqdrive.de<\/a>\n                    <\/p>\n                    <p>\n                      <br>\n                    <\/p>\n                    <p><strong>Registereintrag:<\/strong><\/p>\n                    <p>Eingetragen im Handelsregister Registergericht:<\/p>\n                    <p>Amtsgericht Schweinfurt<\/p>\n                    <p>Registernummer:<\/p>\n                    <p>HRB 7243<\/p>\n                    <p><strong>Vertreten durch<\/strong>:<\/p>\n                    <p>Uwe Windsauer (Gesch\u00e4ftsf\u00fchrer)<\/p>\n                    <p><strong>Umsatzsteuer-ID:<\/strong><\/p>\n                    <p>Umsatzsteuer-Identifikationsnummer nach \u00a727a Umsatzsteuergesetz: DE305768571<\/p>\n                    <p><strong>Steuernummer<\/strong>:&nbsp;<\/p>\n                    <p>249\/129\/30722<\/p>\n                    <p><strong>Verantwortlich f\u00fcr den Inhalt<\/strong>&nbsp;(gem. \u00a7 55 Abs. 2 RStV):<\/p>\n                    <p>Blogbeitr\u00e4ge Uwe Windsauer Am Bocksgraben 1 97456 Holzhausen <strong>&nbsp;<\/strong><\/p>\n                    <p>\n                      <br>\n                    <\/p>\n                    <p><strong>Disclaimer \u2013 rechtliche Hinweise Auskunfts- und Widerrufsrecht<\/strong><\/p>\n                    <p>Sie haben jederzeit das Recht, sich unentgeltlich und unverz\u00fcglich \u00fcber die zu Ihrer Person erhobenen Daten zu erkundigen. Ebenfalls k\u00f6nnen Sie Ihre Zustimmung zur Verwendung Ihrer angegebenen pers\u00f6nlichen Daten mit Wirkung f\u00fcr die\n                      Zukunft widerrufen. Hierf\u00fcr wenden Sie sich bitte an den im Impressum angegebenen Diensteanbieter.<\/p>\n                    <p><strong>Disclaimer (Haftungsausschluss) Haftung f\u00fcr Inhalte<\/strong><\/p>\n                    <p>Als Diensteanbieter sind wir gem\u00e4\u00df \u00a7 7 Abs. 1 TMG f\u00fcr eigene Inhalte auf diesen Seiten nach den allgemeinen Gesetzen verantwortlich. Nach \u00a7\u00a7 8 bis 10 TMG sind wir als Diensteanbieter jedoch nicht verpflichtet, \u00fcbermittelte oder gespeicherte\n                      fremde Informationen zu \u00fcberwachen oder nach Umst\u00e4nden zu forschen, die auf eine rechtswidrige T\u00e4tigkeit hinweisen. Verpflichtungen zur Entfernung oder Sperrung der Nutzung von Informationen nach den allgemeinen Gesetzen bleiben\n                      hiervon unber\u00fchrt. Eine diesbez\u00fcgliche Haftung ist jedoch erst ab dem Zeitpunkt der Kenntnis einer konkreten Rechtsverletzung m\u00f6glich. Bei Bekanntwerden von entsprechenden Rechtsverletzungen werden wir diese Inhalte umgehend entfernen.\n                      <strong> <\/strong><\/p>\n                    <p><strong>Haftung f\u00fcr Links<\/strong><\/p>\n                    <p>Diese Website enth\u00e4lt Links zu externen Webseiten Dritter, auf deren Inhalte kein Einfluss genommen werden kann. Deshalb kann f\u00fcr diese fremden Inhalte auch keine Gew\u00e4hr \u00fcbernommen werden. F\u00fcr die Inhalte der verlinkten Seiten ist\n                      stets der jeweilige Anbieter oder Betreiber der Seiten verantwortlich. Die verlinkten Seiten wurden zum Zeitpunkt der Verlinkung auf m\u00f6gliche Rechtsverst\u00f6\u00dfe \u00fcberpr\u00fcft. Rechtswidrige Inhalte waren zum Zeitpunkt der Verlinkung nicht\n                      erkennbar. Eine permanente inhaltliche Kontrolle der verlinkten Seiten ist jedoch ohne konkrete Anhaltspunkte einer Rechtsverletzung nicht zumutbar. Bei Bekanntwerden von Rechtsverletzungen werden derartige Links umgehend von dieser\n                      Website auf die rechtsverletzende Site entfernen.<\/p>\n                    <p><strong>Urheberrecht<\/strong><\/p>\n                    <p>Die durch die Diensteanbieter, deren Mitarbeiter und beauftragte Dritte erstellten Inhalte und Werke auf diesen Seiten unterliegen dem deutschen Urheberrecht. Die Vervielf\u00e4ltigung, Bearbeitung, Verbreitung und jede Art der Verwertung\n                      au\u00dferhalb der Grenzen des Urheberrechtes bed\u00fcrfen der vorherigen schriftlichen Zustimmung des jeweiligen Autors bzw. Erstellers. Downloads und Kopien dieser Seite sind nur f\u00fcr den privaten, nicht kommerziellen Gebrauch gestattet.\n                      Soweit die Inhalte auf dieser Seite nicht vom Betreiber erstellt wurden, werden die Urheberrechte Dritter beachtet. Insbesondere werden Inhalte Dritter als solche gekennzeichnet. Sollten Sie trotzdem auf eine Urheberrechtsverletzung\n                      aufmerksam werden, bitten wir um einen entsprechenden Hinweis. Bei Bekanntwerden von Rechtsverletzungen werden derartige Inhalte umgehend entfernen. Dieses Impressum wurde mit Hilfe des&nbsp;\n                      <a href=\"http:\/\/www.hensche.de\/impressum-generator.html\"\n                        class=\"customize-unpreviewable\">Impressum-Generators<\/a>&nbsp;von&nbsp;\n                      <a href=\"http:\/\/www.hensche.de\/Rechtsanwalt_Arbeitsrecht_Frankfurt.html\" class=\"customize-unpreviewable\">HENSCHE Rechtsanw\u00e4lte<\/a>&nbsp;erstellt.<\/p>\n                  <\/div>\n                <\/div>\n              <\/div>\n            <\/div>\n          <\/div>\n        <\/div>\n      <\/div>\n    <\/div>\n  <\/div>\n<\/div>","protected":false},"excerpt":{"rendered":"<p>IQ Drive GmbH Am Bocksgraben 1 97456 Holzhausen Tel: 09725 70 52 76 info@iqdrive.de Registereintrag: Eingetragen im Handelsregister Registergericht: Amtsgericht Schweinfurt Registernummer: HRB 7243 Vertreten durch: Uwe Windsauer (Gesch\u00e4ftsf\u00fchrer) Umsatzsteuer-ID: Umsatzsteuer-Identifikationsnummer nach \u00a727a Umsatzsteuergesetz: DE305768571 Steuernummer:&nbsp; 249\/129\/30722 Verantwortlich f\u00fcr den Inhalt&nbsp;(gem. \u00a7 55 Abs. 2 RStV): Blogbeitr\u00e4ge Uwe Windsauer Am Bocksgraben 1 97456 Holzhausen &nbsp; [&hellip;]<\/p>\n","protected":false},"author":1,"featured_media":0,"parent":0,"menu_order":0,"comment_status":"closed","ping_status":"closed","template":"page-templates\/full-width-page.php","meta":{"footnotes":""},"class_list":["post-120","page","type-page","status-publish","hentry"],"_links":{"self":[{"href":"https:\/\/iqpowerhouse.de\/index.php?rest_route=\/wp\/v2\/pages\/120","targetHints":{"allow":["GET"]}}],"collection":[{"href":"https:\/\/iqpowerhouse.de\/index.php?rest_route=\/wp\/v2\/pages"}],"about":[{"href":"https:\/\/iqpowerhouse.de\/index.php?rest_route=\/wp\/v2\/types\/page"}],"author":[{"embeddable":true,"href":"https:\/\/iqpowerhouse.de\/index.php?rest_route=\/wp\/v2\/users\/1"}],"replies":[{"embeddable":true,"href":"https:\/\/iqpowerhouse.de\/index.php?rest_route=%2Fwp%2Fv2%2Fcomments&post=120"}],"version-history":[{"count":7,"href":"https:\/\/iqpowerhouse.de\/index.php?rest_route=\/wp\/v2\/pages\/120\/revisions"}],"predecessor-version":[{"id":2256,"href":"https:\/\/iqpowerhouse.de\/index.php?rest_route=\/wp\/v2\/pages\/120\/revisions\/2256"}],"wp:attachment":[{"href":"https:\/\/iqpowerhouse.de\/index.php?rest_route=%2Fwp%2Fv2%2Fmedia&parent=120"}],"curies":[{"name":"wp","href":"https:\/\/api.w.org\/{rel}","templated":true}]}}