{"id":2153,"date":"2024-09-11T11:23:23","date_gmt":"2024-09-11T11:23:23","guid":{"rendered":"https:\/\/iqpowerhouse.de\/?page_id=2153"},"modified":"2024-10-02T12:45:26","modified_gmt":"2024-10-02T12:45:26","slug":"iq-p-heat-2-0","status":"publish","type":"page","link":"https:\/\/iqpowerhouse.de\/?page_id=2153","title":{"rendered":"IQ P-Heat 2.5"},"content":{"rendered":"<div data-colibri-id=\"2153-c1\" class=\"style-1079 style-local-2153-c1 position-relative\">\n  <!---->\n  <div data-colibri-component=\"section\" data-colibri-id=\"2153-c2\" id=\"about\" class=\"h-section h-section-global-spacing d-flex align-items-lg-center align-items-md-center align-items-center style-1083 style-local-2153-c2 position-relative\">\n    <!---->\n    <!---->\n    <div class=\"h-section-grid-container h-section-boxed-container\">\n      <!---->\n      <div data-colibri-id=\"2153-c3\" class=\"h-row-container gutters-row-lg-2 gutters-row-md-2 gutters-row-0 gutters-row-v-lg-2 gutters-row-v-md-2 gutters-row-v-2 style-1084 style-local-2153-c3 position-relative\">\n        <!---->\n        <div class=\"h-row justify-content-lg-center justify-content-md-center justify-content-center align-items-lg-stretch align-items-md-stretch align-items-stretch gutters-col-lg-2 gutters-col-md-2 gutters-col-0 gutters-col-v-lg-2 gutters-col-v-md-2 gutters-col-v-2\">\n          <!---->\n          <div class=\"h-column h-column-container d-flex h-col-lg-6 h-col-md-6 h-col-12 style-1085-outer style-local-2153-c4-outer\">\n            <div data-colibri-id=\"2153-c4\" class=\"d-flex h-flex-basis h-column__inner h-px-lg-2 h-px-md-2 h-px-2 v-inner-lg-2 v-inner-md-2 v-inner-2 style-1085 style-local-2153-c4 position-relative\">\n              <!---->\n              <!---->\n              <div class=\"w-100 h-y-container h-column__content h-column__v-align flex-basis-100 align-self-lg-start align-self-md-start align-self-start\">\n                <!---->\n                <div data-colibri-id=\"2153-c5\" class=\"h-global-transition-all h-heading style-1086 style-local-2153-c5 position-relative h-element\">\n                  <!---->\n                  <div class=\"h-heading__outer style-1086 style-local-2153-c5\">\n                    <!---->\n                    <!---->\n                    <h1 class=\"\">Die n\u00e4chste Generation f\u00fcr Ihr Zuhause<\/h1>\n                  <\/div>\n                <\/div>\n                <div data-colibri-id=\"2153-c6\" class=\"h-global-transition-all h-heading style-1090 style-local-2153-c6 position-relative h-element\">\n                  <!---->\n                  <div class=\"h-heading__outer style-1090 style-local-2153-c6\">\n                    <!---->\n                    <!---->\n                    <h1 class=\"\">I<span style=\"color: rgb(0, 68, 170);\">Q<\/span> P-Heat 2.5<\/h1>\n                  <\/div>\n                <\/div>\n                <div data-colibri-id=\"2153-c7\" class=\"h-text h-text-component style-1088 style-local-2153-c7 position-relative h-element\">\n                  <!---->\n                  <!---->\n                  <div class=\"\">\n                    <p>Wir bei IQ Drive arbeiten st\u00e4ndig daran, innovative und effiziente Energiel\u00f6sungen f\u00fcr Ihr Zuhause zu entwickeln. Unsere neueste Entwicklung, das <strong>IQ P-Heat 2.5<\/strong>, wird speziell f\u00fcr Einfamilienh\u00e4user konzipiert und bietet\n                      eine ma\u00dfgeschneiderte L\u00f6sung, um gleichzeitig W\u00e4rme und Strom zu erzeugen \u2013 mit einem Fokus auf h\u00f6chste Effizienz und minimalen Wartungsaufwand.<\/p>\n                    <p>Das IQ P-Heat 2.5 wird eine Weiterentwicklung unserer bew\u00e4hrten BHKW-Technologie sein und bringt noch mehr Flexibilit\u00e4t in Ihre Energieversorgung. Dank seiner kompakten Bauweise passt es perfekt in jedes Zuhause und sorgt daf\u00fcr, dass\n                      Sie stets zuverl\u00e4ssig und umweltfreundlich mit Energie versorgt sind.<\/p>\n                    <h6><strong>Warum IQ P-Heat 2.5?<\/strong><\/h6>\n                    <ul>\n                      <li><strong>Perfekt f\u00fcr Einfamilienh\u00e4user<\/strong>: Das System ist speziell auf die Bed\u00fcrfnisse moderner Haushalte abgestimmt.<\/li>\n                      <li><strong>Gleichzeitige Strom- und W\u00e4rmeerzeugung<\/strong>: Maximale Effizienz bei minimalen Kosten.<\/li>\n                      <li><strong>Umweltfreundlich<\/strong>: Reduzieren Sie Ihren CO\u2082-Fu\u00dfabdruck und profitieren Sie von nachhaltiger Energie.<\/li>\n                      <li><strong>Kompakt und wartungsarm<\/strong>: Einfach in der Installation und nahezu wartungsfrei.<\/li>\n                    <\/ul>\n                    <p>Bleiben Sie gespannt! Wir arbeiten derzeit daran, dieses neue Produkt in Serie zu produzieren und es Ihnen bald vorstellen zu k\u00f6nnen. Folgen Sie uns auf Facebook und Instagram um nichts zu verpassen.&nbsp;<\/p>\n                  <\/div>\n                <\/div>\n              <\/div>\n            <\/div>\n          <\/div>\n          <div class=\"h-column h-column-container d-flex h-col-lg-6 h-col-md-6 h-col-12 style-1089-outer style-local-2153-c8-outer\">\n            <div data-colibri-id=\"2153-c8\" class=\"d-flex h-flex-basis h-column__inner h-px-lg-2 h-px-md-2 h-px-2 v-inner-lg-2 v-inner-md-2 v-inner-2 style-1089 style-local-2153-c8 position-relative\">\n              <!---->\n              <!---->\n              <div class=\"w-100 h-y-container h-column__content h-column__v-align flex-basis-100 align-self-lg-start align-self-md-start align-self-start\">\n                <!---->\n                <div data-colibri-id=\"2153-c9\" class=\"d-block style-1091 style-local-2153-c9 position-relative h-element\">\n                  <!---->\n                  <div class=\"h-image__frame-container-outer\">\n                    <div class=\"h-image__frame-container\">\n                      <!---->\n                      <!---->\n                      <img loading=\"lazy\" decoding=\"async\" width=\"1399\" height=\"1604\" src=\"https:\/\/iqpowerhouse.de\/wp-content\/uploads\/2024\/09\/cropped-P-heat-2.5_frei.png\" class=\"wp-image-2155 style-1091-image style-local-2153-c9-image\" alt=\"\" srcset=\"https:\/\/iqpowerhouse.de\/wp-content\/uploads\/2024\/09\/cropped-P-heat-2.5_frei.png 1399w, https:\/\/iqpowerhouse.de\/wp-content\/uploads\/2024\/09\/cropped-P-heat-2.5_frei-262x300.png 262w, https:\/\/iqpowerhouse.de\/wp-content\/uploads\/2024\/09\/cropped-P-heat-2.5_frei-893x1024.png 893w, https:\/\/iqpowerhouse.de\/wp-content\/uploads\/2024\/09\/cropped-P-heat-2.5_frei-768x881.png 768w, https:\/\/iqpowerhouse.de\/wp-content\/uploads\/2024\/09\/cropped-P-heat-2.5_frei-1340x1536.png 1340w\" sizes=\"auto, (max-width: 1399px) 100vw, 1399px\" \/>\n                      <div class=\"h-image__frame h-hide-lg h-hide-md h-hide-sm style-1091-frameImage style-local-2153-c9-frameImage\"><\/div>\n                    <\/div>\n                  <\/div>\n                <\/div>\n              <\/div>\n            <\/div>\n          <\/div>\n        <\/div>\n      <\/div>\n    <\/div>\n  <\/div>\n<\/div>","protected":false},"excerpt":{"rendered":"<p>Die n\u00e4chste Generation f\u00fcr Ihr Zuhause IQ P-Heat 2.5 Wir bei IQ Drive arbeiten st\u00e4ndig daran, innovative und effiziente Energiel\u00f6sungen f\u00fcr Ihr Zuhause zu entwickeln. Unsere neueste Entwicklung, das IQ P-Heat 2.5, wird speziell f\u00fcr Einfamilienh\u00e4user konzipiert und bietet eine ma\u00dfgeschneiderte L\u00f6sung, um gleichzeitig W\u00e4rme und Strom zu erzeugen \u2013 mit einem Fokus auf h\u00f6chste [&hellip;]<\/p>\n","protected":false},"author":1,"featured_media":0,"parent":0,"menu_order":0,"comment_status":"closed","ping_status":"closed","template":"page-templates\/full-width-page.php","meta":{"footnotes":""},"class_list":["post-2153","page","type-page","status-publish","hentry"],"_links":{"self":[{"href":"https:\/\/iqpowerhouse.de\/index.php?rest_route=\/wp\/v2\/pages\/2153","targetHints":{"allow":["GET"]}}],"collection":[{"href":"https:\/\/iqpowerhouse.de\/index.php?rest_route=\/wp\/v2\/pages"}],"about":[{"href":"https:\/\/iqpowerhouse.de\/index.php?rest_route=\/wp\/v2\/types\/page"}],"author":[{"embeddable":true,"href":"https:\/\/iqpowerhouse.de\/index.php?rest_route=\/wp\/v2\/users\/1"}],"replies":[{"embeddable":true,"href":"https:\/\/iqpowerhouse.de\/index.php?rest_route=%2Fwp%2Fv2%2Fcomments&post=2153"}],"version-history":[{"count":5,"href":"https:\/\/iqpowerhouse.de\/index.php?rest_route=\/wp\/v2\/pages\/2153\/revisions"}],"predecessor-version":[{"id":2281,"href":"https:\/\/iqpowerhouse.de\/index.php?rest_route=\/wp\/v2\/pages\/2153\/revisions\/2281"}],"wp:attachment":[{"href":"https:\/\/iqpowerhouse.de\/index.php?rest_route=%2Fwp%2Fv2%2Fmedia&parent=2153"}],"curies":[{"name":"wp","href":"https:\/\/api.w.org\/{rel}","templated":true}]}}